{"id":35,"date":"2024-03-14T10:49:33","date_gmt":"2024-03-14T10:49:33","guid":{"rendered":"https:\/\/rock.patonesfestival.com\/index.php\/home\/"},"modified":"2025-02-03T11:34:34","modified_gmt":"2025-02-03T11:34:34","slug":"home","status":"publish","type":"page","link":"https:\/\/rock.patonesfestival.com\/","title":{"rendered":"Home"},"content":{"rendered":"\t\t<div data-elementor-type=\"wp-page\" data-elementor-id=\"35\" class=\"elementor elementor-35\">\n\t\t\t\t<div class=\"elementor-element elementor-element-22a6c98 e-flex e-con-boxed e-con e-parent\" data-id=\"22a6c98\" data-element_type=\"container\">\n\t\t\t\t\t<div class=\"e-con-inner\">\n\t\t\t\t\t<\/div>\n\t\t\t\t<\/div>\n\t\t<div class=\"elementor-element elementor-element-76b52626 e-flex e-con-boxed e-con e-parent\" data-id=\"76b52626\" data-element_type=\"container\">\n\t\t\t\t\t<div class=\"e-con-inner\">\n\t\t\t\t<div class=\"elementor-element elementor-element-30e5297 elementor-widget elementor-widget-heading\" data-id=\"30e5297\" data-element_type=\"widget\" data-widget_type=\"heading.default\">\n\t\t\t\t<div class=\"elementor-widget-container\">\n\t\t\t\t\t<h2 class=\"elementor-heading-title elementor-size-default\"><h5 data-elementor-setting-key=\"title\" data-pen-placeholder=\"Teclea aqu\u00ed...\" style=\"font-family: var( --e-global-typography-c05b693-font-family ), Sans-serif;font-weight: var( --e-global-typography-c05b693-font-weight );line-height: var( --e-global-typography-c05b693-line-height );font-size: var( --e-global-typography-c05b693-font-size );text-transform: none;font-style: normal;letter-spacing: normal\"><span style=\"color: var( --e-global-color-primary );font-family: var( --e-global-typography-primary-font-family ), Sans-serif;font-size: var( --e-global-typography-primary-font-size );font-style: var( --e-global-typography-primary-font-style );font-weight: var( --e-global-typography-primary-font-weight );letter-spacing: var( --e-global-typography-primary-letter-spacing );text-transform: var( --e-global-typography-primary-text-transform );background-color: var( --e-global-color-c696dce )\">Rock FESTIVAL PATONES<\/span><\/h5><\/h2>\t\t\t\t<\/div>\n\t\t\t\t<\/div>\n\t\t\t\t<div class=\"elementor-element elementor-element-ccbb979 elementor-widget elementor-widget-heading\" data-id=\"ccbb979\" data-element_type=\"widget\" data-widget_type=\"heading.default\">\n\t\t\t\t<div class=\"elementor-widget-container\">\n\t\t\t\t\t<h5 class=\"elementor-heading-title elementor-size-default\">El s\u00e1bado 21 de junio de 2025, desde las 23:59 horas, ven a disfrutar de una noche de ROCK. Contaremos con uno de los grupos ic\u00f3nicos de los 80 que te hicieron bailar, revivir\u00e1s los amores de verano y podr\u00e1s disfrutar de un atardecer inolvidable en el pueblo m\u00e1s bonito de Madrid. Adem\u00e1s, tendremos a los mejores grupos locales.\n\nLa entrada es gratuita y podr\u00e1s disfrutar de zonas reservadas, BONOCOPAS, FOODTRUCKS, MERCHANDISING y mucho m\u00e1s.\n<br><\/h5>\t\t\t\t<\/div>\n\t\t\t\t<\/div>\n\t\t\t\t<div class=\"elementor-element elementor-element-f9463c3 elementor-widget elementor-widget-html\" data-id=\"f9463c3\" data-element_type=\"widget\" data-widget_type=\"html.default\">\n\t\t\t\t<div class=\"elementor-widget-container\">\n\t\t\t\t\t<script src=\"https:\/\/www.fourvenues.com\/assets\/iframe\/entraysal\/07YK\"><\/script>\t\t\t\t<\/div>\n\t\t\t\t<\/div>\n\t\t\t\t\t<\/div>\n\t\t\t\t<\/div>\n\t\t<div class=\"elementor-element elementor-element-4c3cac6b e-flex e-con-boxed e-con e-parent\" data-id=\"4c3cac6b\" data-element_type=\"container\">\n\t\t\t\t\t<div class=\"e-con-inner\">\n\t\t<div class=\"elementor-element elementor-element-34530233 e-con-full e-flex e-con e-child\" data-id=\"34530233\" data-element_type=\"container\" data-settings=\"{&quot;background_background&quot;:&quot;classic&quot;}\">\n\t\t\t\t<div class=\"elementor-element elementor-element-f09dc6b elementor-widget elementor-widget-image\" data-id=\"f09dc6b\" data-element_type=\"widget\" data-widget_type=\"image.default\">\n\t\t\t\t<div class=\"elementor-widget-container\">\n\t\t\t\t\t\t\t\t\t\t\t\t\t\t\t<img fetchpriority=\"high\" decoding=\"async\" width=\"800\" height=\"800\" src=\"https:\/\/rock.patonesfestival.com\/wp-content\/uploads\/2025\/02\/PATONESROCK2025-copia-1024x1024.jpg\" class=\"attachment-large size-large wp-image-105\" alt=\"\" srcset=\"https:\/\/rock.patonesfestival.com\/wp-content\/uploads\/2025\/02\/PATONESROCK2025-copia-1024x1024.jpg 1024w, https:\/\/rock.patonesfestival.com\/wp-content\/uploads\/2025\/02\/PATONESROCK2025-copia-300x300.jpg 300w, https:\/\/rock.patonesfestival.com\/wp-content\/uploads\/2025\/02\/PATONESROCK2025-copia-150x150.jpg 150w, https:\/\/rock.patonesfestival.com\/wp-content\/uploads\/2025\/02\/PATONESROCK2025-copia-768x768.jpg 768w, https:\/\/rock.patonesfestival.com\/wp-content\/uploads\/2025\/02\/PATONESROCK2025-copia-1536x1536.jpg 1536w, https:\/\/rock.patonesfestival.com\/wp-content\/uploads\/2025\/02\/PATONESROCK2025-copia.jpg 2000w\" sizes=\"(max-width: 800px) 100vw, 800px\" \/>\t\t\t\t\t\t\t\t\t\t\t\t\t\t\t<\/div>\n\t\t\t\t<\/div>\n\t\t\t\t<\/div>\n\t\t<div class=\"elementor-element elementor-element-38737bf9 e-con-full e-flex e-con e-child\" data-id=\"38737bf9\" data-element_type=\"container\">\n\t\t\t\t<div class=\"elementor-element elementor-element-4fa4a666 elementor-widget elementor-widget-heading\" data-id=\"4fa4a666\" data-element_type=\"widget\" data-widget_type=\"heading.default\">\n\t\t\t\t<div class=\"elementor-widget-container\">\n\t\t\t\t\t<h2 class=\"elementor-heading-title elementor-size-default\">CARTEL\u00d3N<\/h2>\t\t\t\t<\/div>\n\t\t\t\t<\/div>\n\t\t\t\t<div class=\"elementor-element elementor-element-3e691c69 elementor-widget elementor-widget-text-editor\" data-id=\"3e691c69\" data-element_type=\"widget\" data-widget_type=\"text-editor.default\">\n\t\t\t\t<div class=\"elementor-widget-container\">\n\t\t\t\t\t\t\t\t\t<p>\ud83c\udfb8 \u00a1ROCK EN PATONES! \ud83c\udfa4<br \/>\ud83d\uddd3 S\u00e1bado 21 de junio de 2025<br \/>\ud83d\udd5b Desde las 23:59 horas<br \/>\ud83d\udccd El pueblo m\u00e1s bonito de Madrid<br \/>\ud83c\udfb6 Grupos ic\u00f3nicos de los 80 y locales<br \/>\ud83c\udf9f Entrada GRATIS + Reservados VIP<br \/>\ud83c\udf79 Bonocopas + Foodtrucks + Merchandising<\/p>\t\t\t\t\t\t\t\t<\/div>\n\t\t\t\t<\/div>\n\t\t\t\t<div class=\"elementor-element elementor-element-177f164e elementor-mobile-align-center elementor-tablet-align-center elementor-invisible elementor-widget elementor-widget-button\" data-id=\"177f164e\" data-element_type=\"widget\" data-settings=\"{&quot;_animation&quot;:&quot;fadeIn&quot;}\" data-widget_type=\"button.default\">\n\t\t\t\t<div class=\"elementor-widget-container\">\n\t\t\t\t\t\t\t\t\t<div class=\"elementor-button-wrapper\">\n\t\t\t\t\t<a class=\"elementor-button elementor-button-link elementor-size-sm\" href=\"https:\/\/www.fourvenues.com\/2m-group\/QOZT\">\n\t\t\t\t\t\t<span class=\"elementor-button-content-wrapper\">\n\t\t\t\t\t\t\t\t\t<span class=\"elementor-button-text\">Invitaciones y reservados<\/span>\n\t\t\t\t\t<\/span>\n\t\t\t\t\t<\/a>\n\t\t\t\t<\/div>\n\t\t\t\t\t\t\t\t<\/div>\n\t\t\t\t<\/div>\n\t\t\t\t<\/div>\n\t\t\t\t\t<\/div>\n\t\t\t\t<\/div>\n\t\t<div class=\"elementor-element elementor-element-0e2d1ff e-flex e-con-boxed e-con e-parent\" data-id=\"0e2d1ff\" data-element_type=\"container\">\n\t\t\t\t\t<div class=\"e-con-inner\">\n\t\t\t\t<div class=\"elementor-element elementor-element-964261c elementor-widget elementor-widget-heading\" data-id=\"964261c\" data-element_type=\"widget\" data-widget_type=\"heading.default\">\n\t\t\t\t<div class=\"elementor-widget-container\">\n\t\t\t\t\t<h2 class=\"elementor-heading-title elementor-size-default\">Sit\u00faanos en el mapa<\/h2>\t\t\t\t<\/div>\n\t\t\t\t<\/div>\n\t\t\t\t\t<\/div>\n\t\t\t\t<\/div>\n\t\t<div class=\"elementor-element elementor-element-86d6a1a e-flex e-con-boxed e-con e-parent\" data-id=\"86d6a1a\" data-element_type=\"container\">\n\t\t\t\t\t<div class=\"e-con-inner\">\n\t\t\t\t<div class=\"elementor-element elementor-element-cc262f9 elementor-widget elementor-widget-google_maps\" data-id=\"cc262f9\" data-element_type=\"widget\" data-widget_type=\"google_maps.default\">\n\t\t\t\t<div class=\"elementor-widget-container\">\n\t\t\t\t\t\t\t<div class=\"elementor-custom-embed\">\n\t\t\t<iframe loading=\"lazy\"\n\t\t\t\t\tsrc=\"https:\/\/maps.google.com\/maps?q=Patones&#038;t=m&#038;z=13&#038;output=embed&#038;iwloc=near\"\n\t\t\t\t\ttitle=\"Patones\"\n\t\t\t\t\taria-label=\"Patones\"\n\t\t\t><\/iframe>\n\t\t<\/div>\n\t\t\t\t\t\t<\/div>\n\t\t\t\t<\/div>\n\t\t\t\t\t<\/div>\n\t\t\t\t<\/div>\n\t\t<div class=\"elementor-element elementor-element-7a057ce e-flex e-con-boxed e-con e-parent\" data-id=\"7a057ce\" data-element_type=\"container\">\n\t\t\t\t\t<div class=\"e-con-inner\">\n\t\t\t\t<div class=\"elementor-element elementor-element-2917545 elementor-widget elementor-widget-spacer\" data-id=\"2917545\" data-element_type=\"widget\" data-widget_type=\"spacer.default\">\n\t\t\t\t<div class=\"elementor-widget-container\">\n\t\t\t\t\t\t\t<div class=\"elementor-spacer\">\n\t\t\t<div class=\"elementor-spacer-inner\"><\/div>\n\t\t<\/div>\n\t\t\t\t\t\t<\/div>\n\t\t\t\t<\/div>\n\t\t\t\t\t<\/div>\n\t\t\t\t<\/div>\n\t\t\t\t<\/div>\n\t\t","protected":false},"excerpt":{"rendered":"<p>Rock FESTIVAL PATONES El s\u00e1bado 21 de junio de 2025, desde las 23:59 horas, ven a disfrutar de una noche de ROCK. Contaremos con uno de los grupos ic\u00f3nicos de los 80 que te hicieron bailar, revivir\u00e1s los amores de verano y podr\u00e1s disfrutar de un atardecer inolvidable en el pueblo m\u00e1s bonito de Madrid. [&hellip;]<\/p>\n","protected":false},"author":1,"featured_media":0,"parent":0,"menu_order":0,"comment_status":"closed","ping_status":"closed","template":"elementor_header_footer","meta":{"footnotes":""},"class_list":["post-35","page","type-page","status-publish","hentry"],"_links":{"self":[{"href":"https:\/\/rock.patonesfestival.com\/index.php\/wp-json\/wp\/v2\/pages\/35","targetHints":{"allow":["GET"]}}],"collection":[{"href":"https:\/\/rock.patonesfestival.com\/index.php\/wp-json\/wp\/v2\/pages"}],"about":[{"href":"https:\/\/rock.patonesfestival.com\/index.php\/wp-json\/wp\/v2\/types\/page"}],"author":[{"embeddable":true,"href":"https:\/\/rock.patonesfestival.com\/index.php\/wp-json\/wp\/v2\/users\/1"}],"replies":[{"embeddable":true,"href":"https:\/\/rock.patonesfestival.com\/index.php\/wp-json\/wp\/v2\/comments?post=35"}],"version-history":[{"count":49,"href":"https:\/\/rock.patonesfestival.com\/index.php\/wp-json\/wp\/v2\/pages\/35\/revisions"}],"predecessor-version":[{"id":114,"href":"https:\/\/rock.patonesfestival.com\/index.php\/wp-json\/wp\/v2\/pages\/35\/revisions\/114"}],"wp:attachment":[{"href":"https:\/\/rock.patonesfestival.com\/index.php\/wp-json\/wp\/v2\/media?parent=35"}],"curies":[{"name":"wp","href":"https:\/\/api.w.org\/{rel}","templated":true}]}}